{"id":101,"date":"2019-11-26T11:12:58","date_gmt":"2019-11-26T10:12:58","guid":{"rendered":"http:\/\/wolarafalowska.pl\/?page_id=101"},"modified":"2019-12-12T14:15:26","modified_gmt":"2019-12-12T13:15:26","slug":"stowarzyszenie-promocji-i-rozwoju-wsi-wola-rafalowska","status":"publish","type":"page","link":"https:\/\/wolarafalowska.pl\/?page_id=101","title":{"rendered":"Od k\u0142\u00f3ska do kiczki"},"content":{"rendered":"<p>\u017bniwa we wsi<\/p>\n","protected":false},"excerpt":{"rendered":"<p>\u017bniwa we wsi<\/p>\n<a class=\"btn_a\" href=\"https:\/\/wolarafalowska.pl\/?page_id=101\"><span><i class=\"in_left fa fa-angle-right\"><\/i><span>Details<\/span><i class=\"in_right fa fa-angle-right\"><\/i><\/span><\/a>","protected":false},"author":1,"featured_media":770,"parent":0,"menu_order":0,"comment_status":"closed","ping_status":"closed","template":"","meta":{"footnotes":""},"class_list":["post-101","page","type-page","status-publish","has-post-thumbnail","hentry"],"_links":{"self":[{"href":"https:\/\/wolarafalowska.pl\/index.php?rest_route=\/wp\/v2\/pages\/101","targetHints":{"allow":["GET"]}}],"collection":[{"href":"https:\/\/wolarafalowska.pl\/index.php?rest_route=\/wp\/v2\/pages"}],"about":[{"href":"https:\/\/wolarafalowska.pl\/index.php?rest_route=\/wp\/v2\/types\/page"}],"author":[{"embeddable":true,"href":"https:\/\/wolarafalowska.pl\/index.php?rest_route=\/wp\/v2\/users\/1"}],"replies":[{"embeddable":true,"href":"https:\/\/wolarafalowska.pl\/index.php?rest_route=%2Fwp%2Fv2%2Fcomments&post=101"}],"version-history":[{"count":8,"href":"https:\/\/wolarafalowska.pl\/index.php?rest_route=\/wp\/v2\/pages\/101\/revisions"}],"predecessor-version":[{"id":767,"href":"https:\/\/wolarafalowska.pl\/index.php?rest_route=\/wp\/v2\/pages\/101\/revisions\/767"}],"wp:featuredmedia":[{"embeddable":true,"href":"https:\/\/wolarafalowska.pl\/index.php?rest_route=\/wp\/v2\/media\/770"}],"wp:attachment":[{"href":"https:\/\/wolarafalowska.pl\/index.php?rest_route=%2Fwp%2Fv2%2Fmedia&parent=101"}],"curies":[{"name":"wp","href":"https:\/\/api.w.org\/{rel}","templated":true}]}}