{"id":809,"date":"2020-01-23T08:29:53","date_gmt":"2020-01-23T07:29:53","guid":{"rendered":"http:\/\/wolarafalowska.pl\/?page_id=809"},"modified":"2020-01-24T16:26:23","modified_gmt":"2020-01-24T15:26:23","slug":"organizacja-pozytku-publicznego","status":"publish","type":"page","link":"https:\/\/wolarafalowska.pl\/?page_id=809","title":{"rendered":"Organizacja Po\u017cytku Publicznego"},"content":{"rendered":"<p><a href=\"https:\/\/www.pitax.pl\/program-pit\/\"><img loading=\"lazy\" decoding=\"async\" class=\"wp-image-813 aligncenter\" src=\"https:\/\/wolarafalowska.pl\/wp-content\/uploads\/2020\/01\/iwopowastrona-01-1-300x149.png\" alt=\"\" width=\"504\" height=\"250\" srcset=\"https:\/\/wolarafalowska.pl\/wp-content\/uploads\/2020\/01\/iwopowastrona-01-1-300x149.png 300w, https:\/\/wolarafalowska.pl\/wp-content\/uploads\/2020\/01\/iwopowastrona-01-1-1024x508.png 1024w, https:\/\/wolarafalowska.pl\/wp-content\/uploads\/2020\/01\/iwopowastrona-01-1-768x381.png 768w, https:\/\/wolarafalowska.pl\/wp-content\/uploads\/2020\/01\/iwopowastrona-01-1-1536x763.png 1536w, https:\/\/wolarafalowska.pl\/wp-content\/uploads\/2020\/01\/iwopowastrona-01-1-2048x1017.png 2048w\" sizes=\"auto, (max-width: 504px) 100vw, 504px\" \/><\/a><\/p>\n<p>Stowarzyszenie \u201eNasza Wola\u201d korzysta z Programu PITax.<\/p>\n<p><a href=\"https:\/\/www.iwop.pl\/?fbclid=IwAR1EsW2mE-ntqu34HBeuH-fQrBkRTMARfsIOdLn8FQZITPbTGiH73Mq-9JU\">Fundacja IWOP umo\u017cliwia organizacjom pozarz\u0105dowym korzystanie z narz\u0119dzi wspomagaj\u0105cych pozyskiwanie funduszy na ich dzia\u0142alno\u015b\u0107 statutow\u0105.<\/a><\/p>\n","protected":false},"excerpt":{"rendered":"<p>Stowarzyszenie \u201eNasza Wola\u201d korzysta z Programu PITax. Fundacja IWOP umo\u017cliwia organizacjom pozarz\u0105dowym korzystanie z narz\u0119dzi wspomagaj\u0105cych pozyskiwanie funduszy na ich dzia\u0142alno\u015b\u0107 statutow\u0105.<\/p>\n<a class=\"btn_a\" href=\"https:\/\/wolarafalowska.pl\/?page_id=809\"><span><i class=\"in_left fa fa-angle-right\"><\/i><span>Details<\/span><i class=\"in_right fa fa-angle-right\"><\/i><\/span><\/a>","protected":false},"author":1,"featured_media":0,"parent":0,"menu_order":0,"comment_status":"closed","ping_status":"closed","template":"","meta":{"footnotes":""},"class_list":["post-809","page","type-page","status-publish","hentry"],"_links":{"self":[{"href":"https:\/\/wolarafalowska.pl\/index.php?rest_route=\/wp\/v2\/pages\/809","targetHints":{"allow":["GET"]}}],"collection":[{"href":"https:\/\/wolarafalowska.pl\/index.php?rest_route=\/wp\/v2\/pages"}],"about":[{"href":"https:\/\/wolarafalowska.pl\/index.php?rest_route=\/wp\/v2\/types\/page"}],"author":[{"embeddable":true,"href":"https:\/\/wolarafalowska.pl\/index.php?rest_route=\/wp\/v2\/users\/1"}],"replies":[{"embeddable":true,"href":"https:\/\/wolarafalowska.pl\/index.php?rest_route=%2Fwp%2Fv2%2Fcomments&post=809"}],"version-history":[{"count":4,"href":"https:\/\/wolarafalowska.pl\/index.php?rest_route=\/wp\/v2\/pages\/809\/revisions"}],"predecessor-version":[{"id":980,"href":"https:\/\/wolarafalowska.pl\/index.php?rest_route=\/wp\/v2\/pages\/809\/revisions\/980"}],"wp:attachment":[{"href":"https:\/\/wolarafalowska.pl\/index.php?rest_route=%2Fwp%2Fv2%2Fmedia&parent=809"}],"curies":[{"name":"wp","href":"https:\/\/api.w.org\/{rel}","templated":true}]}}